{"id":2,"date":"2021-12-12T14:07:19","date_gmt":"2021-12-12T14:07:19","guid":{"rendered":"https:\/\/www.techconsult.ro\/?page_id=2"},"modified":"2022-02-18T10:42:08","modified_gmt":"2022-02-18T08:42:08","slug":"sample-page","status":"publish","type":"page","link":"https:\/\/www.techconsult.ro\/index.php\/sample-page\/","title":{"rendered":"Mentenanta IT"},"content":{"rendered":"\n<h2 class=\"wp-block-heading\" id=\"operatiuni-it-complete-pentru-nevoile-dvs-de-afaceri\">Operatiuni IT complete pentru nevoile dvs. de afaceri<\/h2>\n\n\n\n<div class=\"wp-block-columns is-layout-flex wp-container-core-columns-is-layout-9d6595d7 wp-block-columns-is-layout-flex\">\n<div class=\"wp-block-column is-layout-flow wp-block-column-is-layout-flow\">\n<p>TECH Consult este o resurs\u0103 pentru proprietarii de afaceri care au nevoie de suport IT, dar nu sunt \u00een m\u0103sur\u0103 s\u0103 faciliteze mijloacele de angajare a personalului IT cu norm\u0103 \u00eentreag\u0103.<\/p>\n\n\n\n<p>TECH Consult a fost \u00een m\u0103sur\u0103 s\u0103 furnizeze cu norm\u0103 \u00eentreag\u0103 suport IT la o fractiune din costul de care ar fi nevoie pentru a angaja un tehnician IT propriu.&nbsp;De\u015fi solu\u0163iile tehnologice pot necesita timp mai mult pe termen scurt, pe termen lung vor duce la o mai mare eficien\u0163\u0103 \u015fi mai pu\u0163ine cereri din timpul dumneavoastr\u0103.<\/p>\n<\/div>\n\n\n\n<div class=\"wp-block-column is-layout-flow wp-block-column-is-layout-flow\">\n<figure class=\"wp-block-image size-full\"><img loading=\"lazy\" decoding=\"async\" width=\"617\" height=\"413\" src=\"https:\/\/www.techconsult.ro\/wp-content\/uploads\/2021\/12\/it-1.jpg\" alt=\"\" class=\"wp-image-78\" srcset=\"https:\/\/www.techconsult.ro\/wp-content\/uploads\/2021\/12\/it-1.jpg 617w, https:\/\/www.techconsult.ro\/wp-content\/uploads\/2021\/12\/it-1-300x201.jpg 300w\" sizes=\"auto, (max-width: 617px) 100vw, 617px\" \/><\/figure>\n<\/div>\n<\/div>\n\n\n\n<p><\/p>\n\n\n\n<p> <strong> <strong>Acest lucru va permite companiei s\u0103 beneficieze de:<\/strong> <\/strong><\/p>\n\n\n\n<blockquote class=\"wp-block-quote is-layout-flow wp-block-quote-is-layout-flow\"><p>&#8211; Costuri reduse de operare<br>&#8211; Cresterea productivitatii angajatilor<br>&#8211; Scaderea costurilor cu tehnologia<\/p><\/blockquote>\n\n\n\n<p> <strong>Externalizarea IT completa pentru nevoile afacerii dvs.<\/strong>  <\/p>\n\n\n\n<blockquote class=\"wp-block-quote is-layout-flow wp-block-quote-is-layout-flow\"><p>Pentru cele mai multe companii tehnologia nu este punctul forte, TECH Consult este dornica de a va asista pe tot parcursul procesului de instalare \u015fi de punere \u00een aplicare.&nbsp;Exist\u0103 mai multe utiliz\u0103ri pentru tehnologie \u00een mediul de afaceri mici, inclusiv de eviden\u0163\u0103, de control al inventarului, managementul bazelor de date, proiectare, management de produc\u0163ie, \u015fi activit\u0103\u0163ile web.&nbsp;&nbsp;TECH Consult are o solu\u0163ie de \u00eentre\u0163inere pentru a se potrivi nevoilor de orice tip de afacere de dimensiuni mici sau mijlocii.&nbsp;<\/p><\/blockquote>\n\n\n\n<div class=\"wp-block-columns is-layout-flex wp-container-core-columns-is-layout-9d6595d7 wp-block-columns-is-layout-flex\">\n<div class=\"wp-block-column is-layout-flow wp-block-column-is-layout-flow\" style=\"flex-basis:100%\">\n<div class=\"wp-block-columns is-layout-flex wp-container-core-columns-is-layout-9d6595d7 wp-block-columns-is-layout-flex\">\n<div class=\"wp-block-column is-layout-flow wp-block-column-is-layout-flow\"><\/div>\n<\/div>\n<\/div>\n<\/div>\n\n\n\n<p><\/p>\n","protected":false},"excerpt":{"rendered":"<p>Operatiuni IT complete pentru nevoile dvs. de afaceri TECH Consult este o resurs\u0103 pentru proprietarii de afaceri care au nevoie de suport IT, dar nu sunt \u00een m\u0103sur\u0103 s\u0103 faciliteze &#8230;<\/p>\n","protected":false},"author":1,"featured_media":0,"parent":0,"menu_order":0,"comment_status":"closed","ping_status":"open","template":"","meta":{"footnotes":""},"class_list":["post-2","page","type-page","status-publish","hentry"],"_links":{"self":[{"href":"https:\/\/www.techconsult.ro\/index.php\/wp-json\/wp\/v2\/pages\/2","targetHints":{"allow":["GET"]}}],"collection":[{"href":"https:\/\/www.techconsult.ro\/index.php\/wp-json\/wp\/v2\/pages"}],"about":[{"href":"https:\/\/www.techconsult.ro\/index.php\/wp-json\/wp\/v2\/types\/page"}],"author":[{"embeddable":true,"href":"https:\/\/www.techconsult.ro\/index.php\/wp-json\/wp\/v2\/users\/1"}],"replies":[{"embeddable":true,"href":"https:\/\/www.techconsult.ro\/index.php\/wp-json\/wp\/v2\/comments?post=2"}],"version-history":[{"count":6,"href":"https:\/\/www.techconsult.ro\/index.php\/wp-json\/wp\/v2\/pages\/2\/revisions"}],"predecessor-version":[{"id":151,"href":"https:\/\/www.techconsult.ro\/index.php\/wp-json\/wp\/v2\/pages\/2\/revisions\/151"}],"wp:attachment":[{"href":"https:\/\/www.techconsult.ro\/index.php\/wp-json\/wp\/v2\/media?parent=2"}],"curies":[{"name":"wp","href":"https:\/\/api.w.org\/{rel}","templated":true}]}}